{"id":909,"date":"2019-02-18T00:06:40","date_gmt":"2019-02-18T00:06:40","guid":{"rendered":"http:\/\/www.ascaso.si\/2019\/?post_type=product&#038;p=909"},"modified":"2025-12-20T12:38:46","modified_gmt":"2025-12-20T12:38:46","slug":"steel-duo-pid-fix-arm","status":"publish","type":"product","link":"https:\/\/www.hauptman.eu\/ascaso.si\/izdelek\/steel-duo-pid-fix-arm\/","title":{"rendered":"STEEL duo PID Fix Arm"},"content":{"rendered":"<p>Kavni aparat z lo\u010denima ALU+inox grelnikoma za kavo in paro ter PID regulacijo.<\/p>\n<p>TEHNI\u010cNE LASTNOSTI:<br \/>\n\u2013 Barva: \u010crna<br \/>\n\u2013 El. napetost \/ mo\u010d: 230 V \/ 2068 W<br \/>\n\u2013 Vodni rezervoar: 2 l<br \/>\n\u2013 Delovni tlak \u010drpalke do: 20 Bar zunanje nastavljiv z OPV<br \/>\n\u2013 Kavni termostat: nastavljiv s PID<br \/>\n\u2013 Parni termostat: PID regulacija<br \/>\n\u2013 Digitalni termometer: natan\u010dnost 1\u00b0C<br \/>\n\u2013 Analogni manometer: \u03a640 mm<br \/>\n\u2013 Grelec skodelic: 10 W<br \/>\n\u2013 Mere \u0160\/V\/G: 270x360x315 mm<br \/>\n\u2013 Te\u017ea: 15 kg<br \/>\n\u2013 Delovna povr\u0161ina: osvetljena<br \/>\n\u2013 Predvbrizg: nastavljiv od 0 do 5 s<br \/>\n\u2013 Koli\u010dina kave: spominsko nastavljiv odmerek kratke in dolge kave<br \/>\n\u2013 Ventil S-1 za vibracijsko \u010drp. samodejno odstrani zra\u010dne mehur\u010dke iz vode<br \/>\n\u2013 Kapu\u010dino \u0161oba: 360\u00b0 gibljiva z varnostnim\u00a0dr\u017ealom<br \/>\n\u2013 Grelnik vode: termoizoliran<br \/>\nMateriali;<br \/>\n\u00b7 Ohi\u0161je: nerjave\u010de jeklo<br \/>\n\u00b7 Grelnik vode: ALU \/ inox<br \/>\n\u00b7 Parni grelnik: ALU \/ inox<br \/>\n\u00b7 Kavna glava: medenina krom<br \/>\n\u00b7 Kavna ro\u010dka \/ ro\u010daj: kromirana medenina \/ les<br \/>\n\u00b7 Re\u0161eto zbirne posode: nerjavno jeklo<br \/>\nPrilo\u017eeno:<br \/>\n\u00b7 1 kos \u010distilo za dekalcifikacijo<br \/>\n\u00b7 Navodilo za uporabo<br \/>\n\u00b7 Garancijski list<br \/>\nIzdelano v Barceloni \u0160panija<\/p>\n","protected":false},"excerpt":{"rendered":"<p>Elektronsko reguliran aparat s samostojnim uparjalnikom in fiksno ro\u010dko za POD kavne cialde ESE (Easy Serving Espresso)<\/p>\n","protected":false},"featured_media":1233,"template":"","meta":{"site-sidebar-layout":"default","site-content-layout":"default","ast-site-content-layout":"default","site-content-style":"default","site-sidebar-style":"default","ast-global-header-display":"","ast-banner-title-visibility":"","ast-main-header-display":"","ast-hfb-above-header-display":"","ast-hfb-below-header-display":"","ast-hfb-mobile-header-display":"","site-post-title":"","ast-breadcrumbs-content":"","ast-featured-img":"","footer-sml-layout":"","ast-disable-related-posts":"","theme-transparent-header-meta":"default","adv-header-id-meta":"","stick-header-meta":"","header-above-stick-meta":"","header-main-stick-meta":"","header-below-stick-meta":"","astra-migrate-meta-layouts":"set","ast-page-background-enabled":"default","ast-page-background-meta":{"desktop":{"background-color":"","background-image":"","background-repeat":"repeat","background-position":"center center","background-size":"auto","background-attachment":"scroll","background-type":"","background-media":"","overlay-type":"","overlay-color":"","overlay-opacity":"","overlay-gradient":""},"tablet":{"background-color":"","background-image":"","background-repeat":"repeat","background-position":"center center","background-size":"auto","background-attachment":"scroll","background-type":"","background-media":"","overlay-type":"","overlay-color":"","overlay-opacity":"","overlay-gradient":""},"mobile":{"background-color":"","background-image":"","background-repeat":"repeat","background-position":"center center","background-size":"auto","background-attachment":"scroll","background-type":"","background-media":"","overlay-type":"","overlay-color":"","overlay-opacity":"","overlay-gradient":""}},"ast-content-background-meta":{"desktop":{"background-color":"var(--ast-global-color-5)","background-image":"","background-repeat":"repeat","background-position":"center center","background-size":"auto","background-attachment":"scroll","background-type":"","background-media":"","overlay-type":"","overlay-color":"","overlay-opacity":"","overlay-gradient":""},"tablet":{"background-color":"var(--ast-global-color-5)","background-image":"","background-repeat":"repeat","background-position":"center center","background-size":"auto","background-attachment":"scroll","background-type":"","background-media":"","overlay-type":"","overlay-color":"","overlay-opacity":"","overlay-gradient":""},"mobile":{"background-color":"var(--ast-global-color-5)","background-image":"","background-repeat":"repeat","background-position":"center center","background-size":"auto","background-attachment":"scroll","background-type":"","background-media":"","overlay-type":"","overlay-color":"","overlay-opacity":"","overlay-gradient":""}}},"product_brand":[],"product_cat":[35],"product_tag":[],"class_list":{"0":"post-909","1":"product","2":"type-product","3":"status-publish","4":"has-post-thumbnail","6":"product_cat-steel","7":"desktop-align-left","8":"tablet-align-left","9":"mobile-align-left","11":"first","12":"instock","13":"sale","14":"featured","15":"sold-individually","16":"shipping-taxable","17":"purchasable","18":"product-type-simple"},"_links":{"self":[{"href":"https:\/\/www.hauptman.eu\/ascaso.si\/wp-json\/wp\/v2\/product\/909","targetHints":{"allow":["GET"]}}],"collection":[{"href":"https:\/\/www.hauptman.eu\/ascaso.si\/wp-json\/wp\/v2\/product"}],"about":[{"href":"https:\/\/www.hauptman.eu\/ascaso.si\/wp-json\/wp\/v2\/types\/product"}],"wp:featuredmedia":[{"embeddable":true,"href":"https:\/\/www.hauptman.eu\/ascaso.si\/wp-json\/wp\/v2\/media\/1233"}],"wp:attachment":[{"href":"https:\/\/www.hauptman.eu\/ascaso.si\/wp-json\/wp\/v2\/media?parent=909"}],"wp:term":[{"taxonomy":"product_brand","embeddable":true,"href":"https:\/\/www.hauptman.eu\/ascaso.si\/wp-json\/wp\/v2\/product_brand?post=909"},{"taxonomy":"product_cat","embeddable":true,"href":"https:\/\/www.hauptman.eu\/ascaso.si\/wp-json\/wp\/v2\/product_cat?post=909"},{"taxonomy":"product_tag","embeddable":true,"href":"https:\/\/www.hauptman.eu\/ascaso.si\/wp-json\/wp\/v2\/product_tag?post=909"}],"curies":[{"name":"wp","href":"https:\/\/api.w.org\/{rel}","templated":true}]}}