{"id":603,"date":"2019-01-24T19:18:39","date_gmt":"2019-01-24T19:18:39","guid":{"rendered":"http:\/\/www.ascaso.si\/2019\/product\/import-placeholder-for-125\/"},"modified":"2025-02-27T19:58:48","modified_gmt":"2025-02-27T19:58:48","slug":"dream-pid-versatile-antracit-barve","status":"publish","type":"product","link":"https:\/\/www.hauptman.eu\/ascaso.si\/izdelek\/dream-pid-versatile-antracit-barve\/","title":{"rendered":"Dream PID Versatile &#8211; antracit barve"},"content":{"rendered":"<p>Kavni aparat masivne izvedbe z ALU+inox grelnikom, ki je s svojim retro videzom in vrhunsko kvaliteto postal svetovna uspe\u0161nica v izvedbi s PID regulacijo.<\/p>\n<p>TEHNI\u010cNE LASTNOSTI:<br \/>\n\u2013 Barva: Antracitna &#8211; mat krovni premaz<br \/>\n\u2013 El. napetost \/ mo\u010d: 230 V \/ 1100 W<br \/>\n\u2013 Vodni rezervoar: 1,3 l osvetljen<br \/>\n\u2013 Delovni tlak \u010drpalke do: 20 Bar nastavljiv iz zunanjosti z OPV<br \/>\n\u2013 Kavni termostat: nastavljiv s PID<br \/>\n\u2013 Parni termostat: PID regulacija<br \/>\n\u2013 Digitalni termometer: natan\u010dnost 1 \u00b0C<br \/>\n\u2013 Analogni manometer: \u03a640 mm<br \/>\n\u2013 Kavna ro\u010dka za sito: \u03a660 mm<br \/>\n\u2013 Grelec skodelic: 10 W<br \/>\n\u2013 Mere \u0160\/V\/G: 245x345x280 mm<br \/>\n\u2013 Te\u017ea: 10 kg<br \/>\n\u2013 Predvbrizg: nastavljiv od 0 do 5 s<br \/>\n\u2013 Koli\u010dina kave: nastavljivi odmerki (kratka\/dolga, 1&amp;2 skodelici)<br \/>\n\u2013 Ventil S-1 za vibracijsko \u010drpalko samodejno odstrani zra\u010dne mehur\u010dke iz vode<br \/>\n\u2013 Kapu\u010dino \u0161oba profesionalne izvedbe z varnostnim dr\u017ealom<br \/>\n\u2013 Grelnik vode: termoizoliran<br \/>\n\u2013 Materiali;<br \/>\n\u00b7 Ohi\u0161je: ALUminij<br \/>\n\u00b7 Grelnik vode: ALU \/ inox<br \/>\n\u00b7 Kavna glava: medenina krom<br \/>\n\u00b7 Kavna ro\u010dka \/ ro\u010daj: kromirana medenina \/ les<br \/>\n\u00b7 Parni gumb: lesen<br \/>\n\u00b7 Zbirna posoda: nerjave\u010de jeklo<br \/>\n\u00b7 Re\u0161eto posode: nerjavno jeklo<br \/>\nPrilo\u017eeno:<br \/>\n&#8211; Poliran ALU tapka\u010d za kavo<br \/>\n&#8211; 5 kos sito za ro\u010dko;<br \/>\n\u00b7 za POD tabletko<br \/>\n\u00b7 za eno skodelico mlete kave ali eno PAD tableto<br \/>\n\u00b7 za dve skodelici mlete kave ali dve PAD tabletki<br \/>\n\u00b7 za eno kremno skodelico mlete kave<br \/>\n\u00b7 za dve kremni skodelici mlete kave<br \/>\n&#8211; Kavna ro\u010dka z dvojnim izlivom<br \/>\n&#8211; 7g plasti\u010dna \u017elica merica<br \/>\n&#8211; 1 kos \u010distilo za dekalcifikacijo<br \/>\n&#8211; Navodilo za uporabo<br \/>\n&#8211; Garancijski list<br \/>\nIzdelano v Barceloni \u0160panija<\/p>\n","protected":false},"excerpt":{"rendered":"<p>Elektronsko regulran aparat z ve\u010dnamensko ro\u010dko za MLETO kavo in kavne blazinice oziroma cialde E.S.E. POD.<\/p>\n","protected":false},"featured_media":1180,"template":"","meta":{"site-sidebar-layout":"default","site-content-layout":"default","ast-site-content-layout":"default","site-content-style":"default","site-sidebar-style":"default","ast-global-header-display":"","ast-banner-title-visibility":"","ast-main-header-display":"","ast-hfb-above-header-display":"","ast-hfb-below-header-display":"","ast-hfb-mobile-header-display":"","site-post-title":"","ast-breadcrumbs-content":"","ast-featured-img":"","footer-sml-layout":"","ast-disable-related-posts":"","theme-transparent-header-meta":"default","adv-header-id-meta":"","stick-header-meta":"","header-above-stick-meta":"","header-main-stick-meta":"","header-below-stick-meta":"","astra-migrate-meta-layouts":"default","ast-page-background-enabled":"default","ast-page-background-meta":{"desktop":{"background-color":"","background-image":"","background-repeat":"repeat","background-position":"center center","background-size":"auto","background-attachment":"scroll","background-type":"","background-media":"","overlay-type":"","overlay-color":"","overlay-opacity":"","overlay-gradient":""},"tablet":{"background-color":"","background-image":"","background-repeat":"repeat","background-position":"center center","background-size":"auto","background-attachment":"scroll","background-type":"","background-media":"","overlay-type":"","overlay-color":"","overlay-opacity":"","overlay-gradient":""},"mobile":{"background-color":"","background-image":"","background-repeat":"repeat","background-position":"center center","background-size":"auto","background-attachment":"scroll","background-type":"","background-media":"","overlay-type":"","overlay-color":"","overlay-opacity":"","overlay-gradient":""}},"ast-content-background-meta":{"desktop":{"background-color":"var(--ast-global-color-5)","background-image":"","background-repeat":"repeat","background-position":"center center","background-size":"auto","background-attachment":"scroll","background-type":"","background-media":"","overlay-type":"","overlay-color":"","overlay-opacity":"","overlay-gradient":""},"tablet":{"background-color":"var(--ast-global-color-5)","background-image":"","background-repeat":"repeat","background-position":"center center","background-size":"auto","background-attachment":"scroll","background-type":"","background-media":"","overlay-type":"","overlay-color":"","overlay-opacity":"","overlay-gradient":""},"mobile":{"background-color":"var(--ast-global-color-5)","background-image":"","background-repeat":"repeat","background-position":"center center","background-size":"auto","background-attachment":"scroll","background-type":"","background-media":"","overlay-type":"","overlay-color":"","overlay-opacity":"","overlay-gradient":""}}},"product_brand":[],"product_cat":[48],"product_tag":[],"class_list":{"0":"post-603","1":"product","2":"type-product","3":"status-publish","4":"has-post-thumbnail","6":"product_cat-dream-pid","7":"desktop-align-left","8":"tablet-align-left","9":"mobile-align-left","11":"first","12":"instock","13":"sold-individually","14":"shipping-taxable","15":"purchasable","16":"product-type-simple"},"_links":{"self":[{"href":"https:\/\/www.hauptman.eu\/ascaso.si\/wp-json\/wp\/v2\/product\/603","targetHints":{"allow":["GET"]}}],"collection":[{"href":"https:\/\/www.hauptman.eu\/ascaso.si\/wp-json\/wp\/v2\/product"}],"about":[{"href":"https:\/\/www.hauptman.eu\/ascaso.si\/wp-json\/wp\/v2\/types\/product"}],"wp:featuredmedia":[{"embeddable":true,"href":"https:\/\/www.hauptman.eu\/ascaso.si\/wp-json\/wp\/v2\/media\/1180"}],"wp:attachment":[{"href":"https:\/\/www.hauptman.eu\/ascaso.si\/wp-json\/wp\/v2\/media?parent=603"}],"wp:term":[{"taxonomy":"product_brand","embeddable":true,"href":"https:\/\/www.hauptman.eu\/ascaso.si\/wp-json\/wp\/v2\/product_brand?post=603"},{"taxonomy":"product_cat","embeddable":true,"href":"https:\/\/www.hauptman.eu\/ascaso.si\/wp-json\/wp\/v2\/product_cat?post=603"},{"taxonomy":"product_tag","embeddable":true,"href":"https:\/\/www.hauptman.eu\/ascaso.si\/wp-json\/wp\/v2\/product_tag?post=603"}],"curies":[{"name":"wp","href":"https:\/\/api.w.org\/{rel}","templated":true}]}}