{"id":1097,"date":"2020-12-20T19:21:54","date_gmt":"2020-12-20T19:21:54","guid":{"rendered":"https:\/\/www.ascaso.si\/?post_type=product&#038;p=1097"},"modified":"2022-05-19T17:20:35","modified_gmt":"2022-05-19T17:20:35","slug":"i%c2%b7mini-i-1-timer-mlin-rdece-barve-aluminij","status":"publish","type":"product","link":"https:\/\/www.hauptman.eu\/ascaso.si\/izdelek\/i%c2%b7mini-i-1-timer-mlin-rdece-barve-aluminij\/","title":{"rendered":"i\u00b7mini i-1 Timer mlin &#8211; rde\u010de barve aluminij"},"content":{"rendered":"<p>Mlin i\u00b7mini i1 s \u010cASOVNIM STIKALOM aluminij RDE\u010c<\/p>\n<p>TEHNI\u010cNI PODATKI:<br \/>\n&#8211; Zmogljivost: 5 kg\/h<br \/>\n&#8211; Zalogovnik zrna: 250 g<br \/>\n&#8211; \u0160tevilo vrtljajev: 700\/min<br \/>\n&#8211; Priklju\u010dna napetost: 230 V<br \/>\n&#8211; Mo\u010d motorja: 250 W<br \/>\n&#8211; Rezila plo\u0161\u010data \u03a6: 54 mm<br \/>\n&#8211; Mere \u0160 \/ V \/ G: 125x311x230<br \/>\n&#8211; Te\u017ea: 3,5 kg<br \/>\n\u2013 Doziranje: elektronsko \u010dasovno<br \/>\n\u2013 Regulacija mletja: brezstopenjska<br \/>\n&#8211; Ohi\u0161je: aluminij<\/p>\n<p>PRILO\u017dENO:<br \/>\n\u00b7 Navodilo za uporabo<br \/>\n\u00b7 Imbus klju\u010d za pritrditev zalogovnika<br \/>\n\u00b7 Garancijski list<\/p>\n<p>Izdelano v Barceloni \u0160panija<\/p>\n","protected":false},"excerpt":{"rendered":"<p>Mlin i\u00b7mini i1 s \u010cASOVNIM STIKALOM aluminij RDE\u010c TEHNI\u010cNI PODATKI: &#8211; Zmogljivost: 5 kg\/h &#8211; Zalogovnik zrna: 250 g &#8211; \u0160tevilo vrtljajev: 700\/min &#8211; Priklju\u010dna napetost: 230 V &#8211; Mo\u010d motorja: 250 W &#8211; Rezila plo\u0161\u010data \u03a6: 54 mm &#8211; Mere \u0160 \/ V \/ G: 125x311x230 &#8211; Te\u017ea: 3,5 kg \u2013 Doziranje: elektronsko \u010dasovno [&hellip;]<\/p>\n","protected":false},"featured_media":1095,"template":"","meta":{"site-sidebar-layout":"default","site-content-layout":"default","ast-site-content-layout":"default","site-content-style":"default","site-sidebar-style":"default","ast-global-header-display":"","ast-banner-title-visibility":"","ast-main-header-display":"","ast-hfb-above-header-display":"","ast-hfb-below-header-display":"","ast-hfb-mobile-header-display":"","site-post-title":"","ast-breadcrumbs-content":"","ast-featured-img":"","footer-sml-layout":"","ast-disable-related-posts":"","theme-transparent-header-meta":"default","adv-header-id-meta":"","stick-header-meta":"","header-above-stick-meta":"","header-main-stick-meta":"","header-below-stick-meta":"","astra-migrate-meta-layouts":"default","ast-page-background-enabled":"default","ast-page-background-meta":{"desktop":{"background-color":"","background-image":"","background-repeat":"repeat","background-position":"center center","background-size":"auto","background-attachment":"scroll","background-type":"","background-media":"","overlay-type":"","overlay-color":"","overlay-opacity":"","overlay-gradient":""},"tablet":{"background-color":"","background-image":"","background-repeat":"repeat","background-position":"center center","background-size":"auto","background-attachment":"scroll","background-type":"","background-media":"","overlay-type":"","overlay-color":"","overlay-opacity":"","overlay-gradient":""},"mobile":{"background-color":"","background-image":"","background-repeat":"repeat","background-position":"center center","background-size":"auto","background-attachment":"scroll","background-type":"","background-media":"","overlay-type":"","overlay-color":"","overlay-opacity":"","overlay-gradient":""}},"ast-content-background-meta":{"desktop":{"background-color":"var(--ast-global-color-5)","background-image":"","background-repeat":"repeat","background-position":"center center","background-size":"auto","background-attachment":"scroll","background-type":"","background-media":"","overlay-type":"","overlay-color":"","overlay-opacity":"","overlay-gradient":""},"tablet":{"background-color":"var(--ast-global-color-5)","background-image":"","background-repeat":"repeat","background-position":"center center","background-size":"auto","background-attachment":"scroll","background-type":"","background-media":"","overlay-type":"","overlay-color":"","overlay-opacity":"","overlay-gradient":""},"mobile":{"background-color":"var(--ast-global-color-5)","background-image":"","background-repeat":"repeat","background-position":"center center","background-size":"auto","background-attachment":"scroll","background-type":"","background-media":"","overlay-type":"","overlay-color":"","overlay-opacity":"","overlay-gradient":""}}},"product_brand":[],"product_cat":[44],"product_tag":[],"class_list":{"0":"post-1097","1":"product","2":"type-product","3":"status-publish","4":"has-post-thumbnail","6":"product_cat-i-mini","7":"desktop-align-left","8":"tablet-align-left","9":"mobile-align-left","11":"first","12":"instock","13":"sold-individually","14":"shipping-taxable","15":"purchasable","16":"product-type-simple"},"_links":{"self":[{"href":"https:\/\/www.hauptman.eu\/ascaso.si\/wp-json\/wp\/v2\/product\/1097","targetHints":{"allow":["GET"]}}],"collection":[{"href":"https:\/\/www.hauptman.eu\/ascaso.si\/wp-json\/wp\/v2\/product"}],"about":[{"href":"https:\/\/www.hauptman.eu\/ascaso.si\/wp-json\/wp\/v2\/types\/product"}],"wp:featuredmedia":[{"embeddable":true,"href":"https:\/\/www.hauptman.eu\/ascaso.si\/wp-json\/wp\/v2\/media\/1095"}],"wp:attachment":[{"href":"https:\/\/www.hauptman.eu\/ascaso.si\/wp-json\/wp\/v2\/media?parent=1097"}],"wp:term":[{"taxonomy":"product_brand","embeddable":true,"href":"https:\/\/www.hauptman.eu\/ascaso.si\/wp-json\/wp\/v2\/product_brand?post=1097"},{"taxonomy":"product_cat","embeddable":true,"href":"https:\/\/www.hauptman.eu\/ascaso.si\/wp-json\/wp\/v2\/product_cat?post=1097"},{"taxonomy":"product_tag","embeddable":true,"href":"https:\/\/www.hauptman.eu\/ascaso.si\/wp-json\/wp\/v2\/product_tag?post=1097"}],"curies":[{"name":"wp","href":"https:\/\/api.w.org\/{rel}","templated":true}]}}