{"id":14,"date":"2019-01-24T12:33:37","date_gmt":"2019-01-24T12:33:37","guid":{"rendered":"http:\/\/www.ascaso.si\/2019\/?page_id=14"},"modified":"2019-01-31T15:10:42","modified_gmt":"2019-01-31T15:10:42","slug":"o-nas","status":"publish","type":"page","link":"https:\/\/www.hauptman.eu\/ascaso.si\/o-nas\/","title":{"rendered":"O nas"},"content":{"rendered":"\n<p>Na podlagi desetletnega dela na podro\u010dju servisiranja naprav za pripravo kave smo opazili, da na na\u0161em trgu za razliko od cenenih naprav primanjkuje oziroma prakti\u010dno ni bilo na voljo kvalitetnih izdelkov namenjenih uporabi v domu in pisarni.<\/p>\n\n\n\n<p>Zato smo se odlo\u010dili, da bomo v Sloveniji zastopali svetovno priznanega proizvajalca tovrstnih naprav Ascaso, katerega preizku\u0161eni izdelki so prakti\u010dno \u017ee dalj \u010dasa na voljo \u0161irom po svetu, hkrati pa za njihove naprave skupaj s slovensko garancijo zagotavljamo vsaj enako, v mnogih primerih pa celo ugodnej\u0161o ceno kot je ta v drugih dr\u017eavah.<\/p>\n\n\n\n<h2 class=\"wp-block-heading\">Storitve<\/h2>\n\n\n\n<ul class=\"wp-block-list\"><li>prodaja kavnih aparatov in dodatkov v ponudbi spletne trgovine na naslovu: www.ascaso.si<\/li><li>prodaja preostalega celotnega programa iz mati\u010dne strani proizvajalca: www.ascaso.com<\/li><li>servis in tehni\u010dna podpora za proizvode ASCASO v sloveniji<\/li><li>prodaja rezervnih delov iz ascasovega svetovnega nabora 90.000 artiklov ostalih proizvajalcev\nkavnih aparatov, mlin\u010dkov, prodajnih avtomatov, pomivalnih strojev, ledomatov,       \ngospodinjskih, ter hladilnih in plinskih naprav<\/li><\/ul>\n","protected":false},"excerpt":{"rendered":"<p>Na podlagi desetletnega dela na podro\u010dju servisiranja naprav za pripravo kave smo opazili, da na na\u0161em trgu za razliko od cenenih naprav primanjkuje oziroma prakti\u010dno ni bilo na voljo kvalitetnih izdelkov namenjenih uporabi v domu in pisarni. Zato smo se odlo\u010dili, da bomo v Sloveniji zastopali svetovno priznanega proizvajalca tovrstnih naprav Ascaso, katerega preizku\u0161eni izdelki [&hellip;]<\/p>\n","protected":false},"author":1,"featured_media":0,"parent":0,"menu_order":0,"comment_status":"closed","ping_status":"closed","template":"","meta":{"site-sidebar-layout":"default","site-content-layout":"default","ast-site-content-layout":"default","site-content-style":"default","site-sidebar-style":"default","ast-global-header-display":"","ast-banner-title-visibility":"","ast-main-header-display":"","ast-hfb-above-header-display":"","ast-hfb-below-header-display":"","ast-hfb-mobile-header-display":"","site-post-title":"","ast-breadcrumbs-content":"","ast-featured-img":"","footer-sml-layout":"","ast-disable-related-posts":"","theme-transparent-header-meta":"default","adv-header-id-meta":"","stick-header-meta":"","header-above-stick-meta":"","header-main-stick-meta":"","header-below-stick-meta":"","astra-migrate-meta-layouts":"default","ast-page-background-enabled":"default","ast-page-background-meta":{"desktop":{"background-color":"","background-image":"","background-repeat":"repeat","background-position":"center center","background-size":"auto","background-attachment":"scroll","background-type":"","background-media":"","overlay-type":"","overlay-color":"","overlay-opacity":"","overlay-gradient":""},"tablet":{"background-color":"","background-image":"","background-repeat":"repeat","background-position":"center center","background-size":"auto","background-attachment":"scroll","background-type":"","background-media":"","overlay-type":"","overlay-color":"","overlay-opacity":"","overlay-gradient":""},"mobile":{"background-color":"","background-image":"","background-repeat":"repeat","background-position":"center center","background-size":"auto","background-attachment":"scroll","background-type":"","background-media":"","overlay-type":"","overlay-color":"","overlay-opacity":"","overlay-gradient":""}},"ast-content-background-meta":{"desktop":{"background-color":"var(--ast-global-color-5)","background-image":"","background-repeat":"repeat","background-position":"center center","background-size":"auto","background-attachment":"scroll","background-type":"","background-media":"","overlay-type":"","overlay-color":"","overlay-opacity":"","overlay-gradient":""},"tablet":{"background-color":"var(--ast-global-color-5)","background-image":"","background-repeat":"repeat","background-position":"center center","background-size":"auto","background-attachment":"scroll","background-type":"","background-media":"","overlay-type":"","overlay-color":"","overlay-opacity":"","overlay-gradient":""},"mobile":{"background-color":"var(--ast-global-color-5)","background-image":"","background-repeat":"repeat","background-position":"center center","background-size":"auto","background-attachment":"scroll","background-type":"","background-media":"","overlay-type":"","overlay-color":"","overlay-opacity":"","overlay-gradient":""}},"footnotes":""},"class_list":["post-14","page","type-page","status-publish","hentry"],"_links":{"self":[{"href":"https:\/\/www.hauptman.eu\/ascaso.si\/wp-json\/wp\/v2\/pages\/14","targetHints":{"allow":["GET"]}}],"collection":[{"href":"https:\/\/www.hauptman.eu\/ascaso.si\/wp-json\/wp\/v2\/pages"}],"about":[{"href":"https:\/\/www.hauptman.eu\/ascaso.si\/wp-json\/wp\/v2\/types\/page"}],"author":[{"embeddable":true,"href":"https:\/\/www.hauptman.eu\/ascaso.si\/wp-json\/wp\/v2\/users\/1"}],"replies":[{"embeddable":true,"href":"https:\/\/www.hauptman.eu\/ascaso.si\/wp-json\/wp\/v2\/comments?post=14"}],"version-history":[{"count":3,"href":"https:\/\/www.hauptman.eu\/ascaso.si\/wp-json\/wp\/v2\/pages\/14\/revisions"}],"predecessor-version":[{"id":817,"href":"https:\/\/www.hauptman.eu\/ascaso.si\/wp-json\/wp\/v2\/pages\/14\/revisions\/817"}],"wp:attachment":[{"href":"https:\/\/www.hauptman.eu\/ascaso.si\/wp-json\/wp\/v2\/media?parent=14"}],"curies":[{"name":"wp","href":"https:\/\/api.w.org\/{rel}","templated":true}]}}